{"id":18,"date":"2017-10-27T01:48:52","date_gmt":"2017-10-26T23:48:52","guid":{"rendered":"http:\/\/canetphoenicia.fr\/?page_id=18"},"modified":"2025-10-19T14:07:38","modified_gmt":"2025-10-19T12:07:38","slug":"equipement","status":"publish","type":"page","link":"https:\/\/canetphoenicia.fr\/index.php\/equipement\/","title":{"rendered":"\u00e9quipement"},"content":{"rendered":"<p>loggia terrasse avec table et fauteuils de jardin, 1 chambre grand lit, 1 chambre \u00e0 2 lits juxtapos\u00e9s, wc et salle de bain s\u00e9par\u00e9s<\/p>\n<p>lave linge, four micro-onde, four traditionnel, r\u00e9frig\u00e9rateur et cong\u00e9lateur (2 portes), bouilloire et cafeti\u00e8re \u00e9lectriques,<\/p>\n<p>wifi fibre, t\u00e9l\u00e9viseur, lecteur dvd, radio r\u00e9veil, s\u00e8che cheveux, table et fer \u00e0 repasser, ventilateur<\/p>\n<p>lit parapluie pour b\u00e9b\u00e9<\/p>\n<p>&#8212;&#8212;&#8212;&#8212;&#8212;&#8212;&#8212;&#8212;&#8212;&#8212;&#8212;&#8212;&#8212;&#8212;&#8212;&#8212;&#8212;<\/p>\n<p>&nbsp;<\/p>\n","protected":false},"excerpt":{"rendered":"<p>loggia terrasse avec table et fauteuils de jardin, 1 chambre grand lit, 1 chambre \u00e0 2 lits juxtapos\u00e9s, wc et salle de bain s\u00e9par\u00e9s lave linge, four micro-onde, four traditionnel, r\u00e9frig\u00e9rateur et cong\u00e9lateur (2 portes), bouilloire et cafeti\u00e8re \u00e9lectriques, wifi &hellip; <a href=\"https:\/\/canetphoenicia.fr\/index.php\/equipement\/\">Continue reading <span class=\"meta-nav\">&rarr;<\/span><\/a><\/p>\n","protected":false},"author":1,"featured_media":0,"parent":0,"menu_order":0,"comment_status":"closed","ping_status":"closed","template":"full-width-page.php","meta":{"ngg_post_thumbnail":0,"footnotes":""},"class_list":["post-18","page","type-page","status-publish","hentry"],"_links":{"self":[{"href":"https:\/\/canetphoenicia.fr\/index.php\/wp-json\/wp\/v2\/pages\/18","targetHints":{"allow":["GET"]}}],"collection":[{"href":"https:\/\/canetphoenicia.fr\/index.php\/wp-json\/wp\/v2\/pages"}],"about":[{"href":"https:\/\/canetphoenicia.fr\/index.php\/wp-json\/wp\/v2\/types\/page"}],"author":[{"embeddable":true,"href":"https:\/\/canetphoenicia.fr\/index.php\/wp-json\/wp\/v2\/users\/1"}],"replies":[{"embeddable":true,"href":"https:\/\/canetphoenicia.fr\/index.php\/wp-json\/wp\/v2\/comments?post=18"}],"version-history":[{"count":10,"href":"https:\/\/canetphoenicia.fr\/index.php\/wp-json\/wp\/v2\/pages\/18\/revisions"}],"predecessor-version":[{"id":299,"href":"https:\/\/canetphoenicia.fr\/index.php\/wp-json\/wp\/v2\/pages\/18\/revisions\/299"}],"wp:attachment":[{"href":"https:\/\/canetphoenicia.fr\/index.php\/wp-json\/wp\/v2\/media?parent=18"}],"curies":[{"name":"wp","href":"https:\/\/api.w.org\/{rel}","templated":true}]}}